{"id":327,"date":"2020-07-19T15:07:03","date_gmt":"2020-07-19T12:07:03","guid":{"rendered":"https:\/\/www.medicadent.com\/ru\/?page_id=327"},"modified":"2025-05-28T19:43:46","modified_gmt":"2025-05-28T16:43:46","slug":"zafer-kazak","status":"publish","type":"page","link":"https:\/\/www.medicadent.com\/ru\/our-staff\/zafer-kazak\/","title":{"rendered":"M.Sc.Dt. Zafer Kazak"},"content":{"rendered":"\t\t<div data-elementor-type=\"wp-page\" data-elementor-id=\"327\" class=\"elementor elementor-327\" data-elementor-settings=\"[]\">\n\t\t\t\t\t\t<div class=\"elementor-inner\">\n\t\t\t\t\t\t\t<div class=\"elementor-section-wrap\">\n\t\t\t\t\t\t\t<section data-particle_enable=\"false\" data-particle-mobile-disabled=\"false\" class=\"elementor-section elementor-top-section elementor-element elementor-element-ce5f66b elementor-section-full_width elementor-section-stretched elementor-section-height-default elementor-section-height-default\" data-id=\"ce5f66b\" data-element_type=\"section\" data-settings=\"{&quot;stretch_section&quot;:&quot;section-stretched&quot;,&quot;background_background&quot;:&quot;classic&quot;,&quot;_ha_eqh_enable&quot;:false}\">\n\t\t\t\t\t\t\t<div class=\"elementor-background-overlay\"><\/div>\n\t\t\t\t\t\t\t<div class=\"elementor-container elementor-column-gap-default\">\n\t\t\t\t\t\t\t<div class=\"elementor-row\">\n\t\t\t\t\t<div class=\"elementor-column elementor-col-33 elementor-top-column elementor-element elementor-element-da28a81\" data-id=\"da28a81\" data-element_type=\"column\">\n\t\t\t<div class=\"elementor-column-wrap elementor-element-populated\">\n\t\t\t\t\t\t\t<div class=\"elementor-widget-wrap\">\n\t\t\t\t\t\t<div class=\"elementor-element elementor-element-2bef5a6 elementor-widget elementor-widget-spacer\" data-id=\"2bef5a6\" data-element_type=\"widget\" data-widget_type=\"spacer.default\">\n\t\t\t\t<div class=\"elementor-widget-container\">\n\t\t\t\t\t<div class=\"elementor-spacer\">\n\t\t\t<div class=\"elementor-spacer-inner\"><\/div>\n\t\t<\/div>\n\t\t\t\t<\/div>\n\t\t\t\t<\/div>\n\t\t\t\t<div class=\"elementor-element elementor-element-88937b6 animated-slow elementor-invisible elementor-widget elementor-widget-image\" data-id=\"88937b6\" data-element_type=\"widget\" data-settings=\"{&quot;sticky_on&quot;:[&quot;desktop&quot;],&quot;_animation&quot;:&quot;fadeIn&quot;,&quot;sticky&quot;:&quot;top&quot;,&quot;sticky_parent&quot;:&quot;yes&quot;,&quot;sticky_offset&quot;:0,&quot;sticky_effects_offset&quot;:0}\" data-widget_type=\"image.default\">\n\t\t\t\t<div class=\"elementor-widget-container\">\n\t\t\t\t\t\t\t\t<div class=\"elementor-image\">\n\t\t\t\t\t\t\t\t\t\t\t\t<img decoding=\"async\" loading=\"lazy\" width=\"712\" height=\"1197\" src=\"https:\/\/www.medicadent.com\/ru\/wp-content\/uploads\/2025\/05\/M.Sc_.Dt_.-Zafer-KAZAK.png\" class=\"attachment-full size-full\" alt=\"\" srcset=\"https:\/\/www.medicadent.com\/ru\/wp-content\/uploads\/2025\/05\/M.Sc_.Dt_.-Zafer-KAZAK.png 712w, https:\/\/www.medicadent.com\/ru\/wp-content\/uploads\/2025\/05\/M.Sc_.Dt_.-Zafer-KAZAK-178x300.png 178w, https:\/\/www.medicadent.com\/ru\/wp-content\/uploads\/2025\/05\/M.Sc_.Dt_.-Zafer-KAZAK-609x1024.png 609w, https:\/\/www.medicadent.com\/ru\/wp-content\/uploads\/2025\/05\/M.Sc_.Dt_.-Zafer-KAZAK-87x146.png 87w, https:\/\/www.medicadent.com\/ru\/wp-content\/uploads\/2025\/05\/M.Sc_.Dt_.-Zafer-KAZAK-30x50.png 30w, https:\/\/www.medicadent.com\/ru\/wp-content\/uploads\/2025\/05\/M.Sc_.Dt_.-Zafer-KAZAK-45x75.png 45w\" sizes=\"(max-width: 712px) 100vw, 712px\" \/>\t\t\t\t\t\t\t\t\t\t\t\t\t\t<\/div>\n\t\t\t\t\t\t<\/div>\n\t\t\t\t<\/div>\n\t\t\t\t\t\t<\/div>\n\t\t\t\t\t<\/div>\n\t\t<\/div>\n\t\t\t\t<div class=\"elementor-column elementor-col-33 elementor-top-column elementor-element elementor-element-851d8ed\" data-id=\"851d8ed\" data-element_type=\"column\">\n\t\t\t<div class=\"elementor-column-wrap elementor-element-populated\">\n\t\t\t\t\t\t\t<div class=\"elementor-widget-wrap\">\n\t\t\t\t\t\t<div class=\"elementor-element elementor-element-f3b8716 elementor-invisible elementor-widget elementor-widget-heading\" data-id=\"f3b8716\" data-element_type=\"widget\" data-settings=\"{&quot;motion_fx_motion_fx_scrolling&quot;:&quot;yes&quot;,&quot;motion_fx_translateY_effect&quot;:&quot;yes&quot;,&quot;motion_fx_translateY_speed&quot;:{&quot;unit&quot;:&quot;px&quot;,&quot;size&quot;:0.5,&quot;sizes&quot;:[]},&quot;motion_fx_opacity_effect&quot;:&quot;yes&quot;,&quot;motion_fx_blur_effect&quot;:&quot;yes&quot;,&quot;motion_fx_blur_direction&quot;:&quot;out-in-out&quot;,&quot;motion_fx_blur_level&quot;:{&quot;unit&quot;:&quot;px&quot;,&quot;size&quot;:5,&quot;sizes&quot;:[]},&quot;motion_fx_scale_effect&quot;:&quot;yes&quot;,&quot;_animation&quot;:&quot;fadeIn&quot;,&quot;motion_fx_translateY_affectedRange&quot;:{&quot;unit&quot;:&quot;%&quot;,&quot;size&quot;:&quot;&quot;,&quot;sizes&quot;:{&quot;start&quot;:0,&quot;end&quot;:100}},&quot;motion_fx_opacity_direction&quot;:&quot;out-in&quot;,&quot;motion_fx_opacity_level&quot;:{&quot;unit&quot;:&quot;px&quot;,&quot;size&quot;:10,&quot;sizes&quot;:[]},&quot;motion_fx_opacity_range&quot;:{&quot;unit&quot;:&quot;%&quot;,&quot;size&quot;:&quot;&quot;,&quot;sizes&quot;:{&quot;start&quot;:20,&quot;end&quot;:80}},&quot;motion_fx_blur_range&quot;:{&quot;unit&quot;:&quot;%&quot;,&quot;size&quot;:&quot;&quot;,&quot;sizes&quot;:{&quot;start&quot;:20,&quot;end&quot;:80}},&quot;motion_fx_scale_direction&quot;:&quot;out-in&quot;,&quot;motion_fx_scale_speed&quot;:{&quot;unit&quot;:&quot;px&quot;,&quot;size&quot;:4,&quot;sizes&quot;:[]},&quot;motion_fx_scale_range&quot;:{&quot;unit&quot;:&quot;%&quot;,&quot;size&quot;:&quot;&quot;,&quot;sizes&quot;:{&quot;start&quot;:20,&quot;end&quot;:80}},&quot;motion_fx_devices&quot;:[&quot;desktop&quot;,&quot;tablet&quot;,&quot;mobile&quot;]}\" data-widget_type=\"heading.default\">\n\t\t\t\t<div class=\"elementor-widget-container\">\n\t\t\t<h2 class=\"elementor-heading-title elementor-size-default\">\u041c\u0430\u0433\u0438\u0441\u0442\u0440 \u0434\u0438\u0435\u0442\u043e\u043b\u043e\u0433\u0438\u0438<\/h2>\t\t<\/div>\n\t\t\t\t<\/div>\n\t\t\t\t<div class=\"elementor-element elementor-element-95b8bba animated-slow elementor-invisible elementor-widget elementor-widget-heading\" data-id=\"95b8bba\" data-element_type=\"widget\" data-settings=\"{&quot;motion_fx_motion_fx_scrolling&quot;:&quot;yes&quot;,&quot;motion_fx_translateY_effect&quot;:&quot;yes&quot;,&quot;motion_fx_translateY_speed&quot;:{&quot;unit&quot;:&quot;px&quot;,&quot;size&quot;:0.5,&quot;sizes&quot;:[]},&quot;motion_fx_opacity_effect&quot;:&quot;yes&quot;,&quot;motion_fx_blur_effect&quot;:&quot;yes&quot;,&quot;motion_fx_blur_direction&quot;:&quot;out-in-out&quot;,&quot;motion_fx_blur_level&quot;:{&quot;unit&quot;:&quot;px&quot;,&quot;size&quot;:5,&quot;sizes&quot;:[]},&quot;motion_fx_scale_effect&quot;:&quot;yes&quot;,&quot;_animation&quot;:&quot;fadeIn&quot;,&quot;motion_fx_translateY_affectedRange&quot;:{&quot;unit&quot;:&quot;%&quot;,&quot;size&quot;:&quot;&quot;,&quot;sizes&quot;:{&quot;start&quot;:0,&quot;end&quot;:100}},&quot;motion_fx_opacity_direction&quot;:&quot;out-in&quot;,&quot;motion_fx_opacity_level&quot;:{&quot;unit&quot;:&quot;px&quot;,&quot;size&quot;:10,&quot;sizes&quot;:[]},&quot;motion_fx_opacity_range&quot;:{&quot;unit&quot;:&quot;%&quot;,&quot;size&quot;:&quot;&quot;,&quot;sizes&quot;:{&quot;start&quot;:20,&quot;end&quot;:80}},&quot;motion_fx_blur_range&quot;:{&quot;unit&quot;:&quot;%&quot;,&quot;size&quot;:&quot;&quot;,&quot;sizes&quot;:{&quot;start&quot;:20,&quot;end&quot;:80}},&quot;motion_fx_scale_direction&quot;:&quot;out-in&quot;,&quot;motion_fx_scale_speed&quot;:{&quot;unit&quot;:&quot;px&quot;,&quot;size&quot;:4,&quot;sizes&quot;:[]},&quot;motion_fx_scale_range&quot;:{&quot;unit&quot;:&quot;%&quot;,&quot;size&quot;:&quot;&quot;,&quot;sizes&quot;:{&quot;start&quot;:20,&quot;end&quot;:80}},&quot;motion_fx_devices&quot;:[&quot;desktop&quot;,&quot;tablet&quot;,&quot;mobile&quot;]}\" data-widget_type=\"heading.default\">\n\t\t\t\t<div class=\"elementor-widget-container\">\n\t\t\t<h2 class=\"elementor-heading-title elementor-size-default\">ZAFER KAZAK<\/h2>\t\t<\/div>\n\t\t\t\t<\/div>\n\t\t\t\t<div class=\"elementor-element elementor-element-fc12350 elementor-invisible elementor-widget elementor-widget-heading\" data-id=\"fc12350\" data-element_type=\"widget\" data-settings=\"{&quot;motion_fx_motion_fx_scrolling&quot;:&quot;yes&quot;,&quot;motion_fx_translateY_effect&quot;:&quot;yes&quot;,&quot;motion_fx_translateY_speed&quot;:{&quot;unit&quot;:&quot;px&quot;,&quot;size&quot;:0.5,&quot;sizes&quot;:[]},&quot;motion_fx_opacity_effect&quot;:&quot;yes&quot;,&quot;motion_fx_blur_effect&quot;:&quot;yes&quot;,&quot;motion_fx_blur_direction&quot;:&quot;out-in-out&quot;,&quot;motion_fx_blur_level&quot;:{&quot;unit&quot;:&quot;px&quot;,&quot;size&quot;:5,&quot;sizes&quot;:[]},&quot;motion_fx_scale_effect&quot;:&quot;yes&quot;,&quot;_animation&quot;:&quot;fadeIn&quot;,&quot;motion_fx_translateY_affectedRange&quot;:{&quot;unit&quot;:&quot;%&quot;,&quot;size&quot;:&quot;&quot;,&quot;sizes&quot;:{&quot;start&quot;:0,&quot;end&quot;:100}},&quot;motion_fx_opacity_direction&quot;:&quot;out-in&quot;,&quot;motion_fx_opacity_level&quot;:{&quot;unit&quot;:&quot;px&quot;,&quot;size&quot;:10,&quot;sizes&quot;:[]},&quot;motion_fx_opacity_range&quot;:{&quot;unit&quot;:&quot;%&quot;,&quot;size&quot;:&quot;&quot;,&quot;sizes&quot;:{&quot;start&quot;:20,&quot;end&quot;:80}},&quot;motion_fx_blur_range&quot;:{&quot;unit&quot;:&quot;%&quot;,&quot;size&quot;:&quot;&quot;,&quot;sizes&quot;:{&quot;start&quot;:20,&quot;end&quot;:80}},&quot;motion_fx_scale_direction&quot;:&quot;out-in&quot;,&quot;motion_fx_scale_speed&quot;:{&quot;unit&quot;:&quot;px&quot;,&quot;size&quot;:4,&quot;sizes&quot;:[]},&quot;motion_fx_scale_range&quot;:{&quot;unit&quot;:&quot;%&quot;,&quot;size&quot;:&quot;&quot;,&quot;sizes&quot;:{&quot;start&quot;:20,&quot;end&quot;:80}},&quot;motion_fx_devices&quot;:[&quot;desktop&quot;,&quot;tablet&quot;,&quot;mobile&quot;]}\" data-widget_type=\"heading.default\">\n\t\t\t\t<div class=\"elementor-widget-container\">\n\t\t\t<h2 class=\"elementor-heading-title elementor-size-default\">\u041b\u0430\u0437\u0435\u0440 \u0438 \u0438\u043c\u043f\u043b\u0430\u043d\u0442\u043e\u043b\u043e\u0433\u0438\u044f<\/h2>\t\t<\/div>\n\t\t\t\t<\/div>\n\t\t\t\t<div class=\"elementor-element elementor-element-fb6846f animated-slow elementor-widget-divider--view-line elementor-invisible elementor-widget elementor-widget-divider\" data-id=\"fb6846f\" data-element_type=\"widget\" data-settings=\"{&quot;_animation&quot;:&quot;fadeInRight&quot;}\" data-widget_type=\"divider.default\">\n\t\t\t\t<div class=\"elementor-widget-container\">\n\t\t\t\t\t<div class=\"elementor-divider\">\n\t\t\t<span class=\"elementor-divider-separator\">\n\t\t\t\t\t\t<\/span>\n\t\t<\/div>\n\t\t\t\t<\/div>\n\t\t\t\t<\/div>\n\t\t\t\t<div class=\"elementor-element elementor-element-aa75bf0 animated-slow elementor-invisible elementor-widget elementor-widget-text-editor\" data-id=\"aa75bf0\" data-element_type=\"widget\" data-settings=\"{&quot;_animation&quot;:&quot;fadeInUp&quot;}\" data-widget_type=\"text-editor.default\">\n\t\t\t\t<div class=\"elementor-widget-container\">\n\t\t\t\t\t\t\t\t<div class=\"elementor-text-editor elementor-clearfix\">\n\t\t\t\t<p>\u0413-\u043d \u041a\u0430\u0437\u0430\u043a \u0440\u043e\u0434\u0438\u043b\u0441\u044f \u0432 1965 \u0433\u043e\u0434\u0443 \u0432 \u042d\u0440\u0437\u0443\u0440\u0443\u043c\u0435. \u041e\u043a\u043e\u043d\u0447\u0438\u0432 \u043d\u0430\u0447\u0430\u043b\u044c\u043d\u043e\u0435 \u043e\u0431\u0440\u0430\u0437\u043e\u0432\u0430\u043d\u0438\u0435 \u0432 \u0433\u043e\u0440\u043e\u0434\u0435 \u041a\u0430\u0440\u0441, \u043e\u043d \u043f\u0435\u0440\u0435\u0435\u0445\u0430\u043b \u0432 \u0421\u0442\u0430\u043c\u0431\u0443\u043b \u0438 \u043e\u043a\u043e\u043d\u0447\u0438\u043b \u041a\u0430\u0431\u0430\u0442\u0430\u0448\u0441\u043a\u0443\u044e \u0433\u0438\u043c\u043d\u0430\u0437\u0438\u044e \u0434\u043b\u044f \u043c\u0430\u043b\u044c\u0447\u0438\u043a\u043e\u0432 \u0432 1982 \u0433\u043e\u0434\u0443. \u041e\u043d \u043f\u043e\u043b\u0443\u0447\u0438\u043b \u0441\u0442\u0435\u043f\u0435\u043d\u044c \u0431\u0430\u043a\u0430\u043b\u0430\u0432\u0440\u0430 \u0432 \u0418\u0441\u0442\u0430\u043d\u0431\u0443\u043b\u044c\u0441\u043a\u043e\u043c \u0443\u043d\u0438\u0432\u0435\u0440\u0441\u0438\u0442\u0435\u0442\u0435 \u043d\u0430 \u0444\u0430\u043a\u0443\u043b\u044c\u0442\u0435\u0442\u0435 \u0441\u0442\u043e\u043c\u0430\u0442\u043e\u043b\u043e\u0433\u0438\u0438 \u0432 1987 \u0433\u043e\u0434\u0443. \u0412 1988 \u0433\u043e\u0434\u0443 \u043e\u043d \u043e\u0441\u043d\u043e\u0432\u0430\u043b \u043f\u043e\u043b\u0438\u043a\u043b\u0438\u043d\u0438\u043a\u0443 Medicadent \u0434\u043b\u044f \u0443\u0441\u0442\u043d\u043e\u0439 \u0438 \u0437\u0443\u0431\u043d\u043e\u0439 \u0437\u0434\u043e\u0440\u043e\u0432\u044c\u044f \u0432 \u041a\u0430\u0434\u044b\u043a\u0451\u0438, \u0421\u0442\u0430\u043c\u0431\u0443\u043b\u0435. \u0412 1994 \u0433\u043e\u0434\u0443, \u043e\u0440\u0433\u0430\u043d\u0438\u0437\u043e\u0432\u0430\u0432 \u043c\u043d\u043e\u0433\u043e\u043f\u0440\u043e\u0444\u0438\u043b\u044c\u043d\u044b\u0439 \u0440\u0430\u0431\u043e\u0447\u0438\u0439 \u043f\u043e\u0440\u044f\u0434\u043e\u043a \u0432 Medicadent, \u043e\u043d \u0441\u043e\u0437\u0434\u0430\u043b \u043a\u043e\u043d\u0446\u0435\u043f\u0446\u0438\u044e \u0441\u043f\u0435\u0446\u0438\u0430\u043b\u0438\u0437\u0430\u0446\u0438\u0438 \u0432 \u0441\u0442\u043e\u043c\u0430\u0442\u043e\u043b\u043e\u0433\u0438\u0447\u0435\u0441\u043a\u0438\u0445 \u043a\u043b\u0438\u043d\u0438\u043a\u0430\u0445. \u041e\u043d \u043d\u0430\u0447\u0430\u043b \u043f\u0440\u0438\u043c\u0435\u043d\u044f\u0442\u044c \u0438\u043c\u043f\u043b\u0430\u043d\u0442\u0430\u0442\u044b \u0432 Medicadent \u0438 \u0441\u0442\u0430\u043b \u0440\u0430\u0431\u043e\u0442\u0430\u0442\u044c \u0441 \u0437\u0443\u0431\u043d\u044b\u043c\u0438 \u043f\u0430\u043d\u043e\u0440\u0430\u043c\u043d\u044b\u043c\u0438 \u0440\u0435\u043d\u0442\u0433\u0435\u043d\u043e\u0433\u0440\u0430\u043c\u043c\u0430\u043c\u0438. \u0421 2003 \u0433\u043e\u0434\u0430 \u043e\u043d \u0438\u0441\u043f\u043e\u043b\u044c\u0437\u0443\u0435\u0442 &#8220;\u043b\u0430\u0437\u0435\u0440\u044b \u0434\u043b\u044f \u0442\u0432\u0435\u0440\u0434\u044b\u0445 \u0438 \u043c\u044f\u0433\u043a\u0438\u0445 \u0442\u043a\u0430\u043d\u0435\u0439 Fotona&#8221; \u0432\u043e \u0432\u0441\u0435\u0445 \u043e\u0431\u043b\u0430\u0441\u0442\u044f\u0445 \u0441\u0442\u043e\u043c\u0430\u0442\u043e\u043b\u043e\u0433\u0438\u0438 \u0432 \u0441\u0432\u043e\u0438\u0445 \u043f\u0440\u043e\u0446\u0435\u0434\u0443\u0440\u0430\u0445. \u041e\u043d \u044f\u0432\u043b\u044f\u0435\u0442\u0441\u044f \u0441\u043e\u0443\u0447\u0440\u0435\u0434\u0438\u0442\u0435\u043b\u0435\u043c \u041e\u041e\u041e &#8220;\u0418\u0434\u0435\u0430\u043b\u0434\u0435\u043d\u0442 \u0425\u0435\u043b\u0441 \u0421\u0435\u0440\u0432\u0438\u0441\u0438\u0437&#8221; (\u0420\u0435\u0448\u0435\u043d\u0438\u044f \u0432 \u043e\u0431\u043b\u0430\u0441\u0442\u0438 \u0441\u0442\u043e\u043c\u0430\u0442\u043e\u043b\u043e\u0433\u0438\u0447\u0435\u0441\u043a\u043e\u0439 \u0442\u0435\u0445\u043d\u043e\u043b\u043e\u0433\u0438\u0438), \u043e\u0441\u043d\u043e\u0432\u0430\u043d\u043d\u043e\u0433\u043e \u0432 2004 \u0433\u043e\u0434\u0443.\u00a0<\/p><p>\u0412 \u043f\u0435\u0440\u0438\u043e\u0434 \u0441 2005 \u043f\u043e 2007 \u0433\u043e\u0434 \u043e\u043d \u043f\u0440\u043e\u0448\u0435\u043b \u043f\u0440\u043e\u0433\u0440\u0430\u043c\u043c\u0443 &#8220;\u041c\u0430\u0433\u0438\u0441\u0442\u0440 \u043b\u0430\u0437\u0435\u0440\u0430&#8221; \u0432 \u0441\u0442\u043e\u043c\u0430\u0442\u043e\u043b\u043e\u0433\u0438\u0447\u0435\u0441\u043a\u043e\u043c \u0444\u0430\u043a\u0443\u043b\u044c\u0442\u0435\u0442\u0435 \u0420\u0412\u0422\u0425 \u0410\u0430\u0445\u0435\u043d\u0441\u043a\u043e\u0433\u043e \u0443\u043d\u0438\u0432\u0435\u0440\u0441\u0438\u0442\u0435\u0442\u0430 (www.aalz.de). \u041c\u0430\u0433\u0438\u0441\u0442\u0440 \u0434\u0438\u0435\u0442\u043e\u043b\u043e\u0433\u0438\u0438 \u0417\u0430\u0444\u0435\u0440 \u041a\u0410\u0417\u0410\u041a \u0438\u043c\u0435\u0435\u0442 \u043f\u0440\u0430\u0432\u043e \u043d\u0430 \u043f\u043e\u043b\u0443\u0447\u0435\u043d\u0438\u0435 \u043e\u0434\u043e\u0431\u0440\u0435\u043d\u043d\u043e\u0439 \u043c\u0430\u0433\u0438\u0441\u0442\u0435\u0440\u0441\u043a\u043e\u0439 \u0441\u0442\u0435\u043f\u0435\u043d\u0438 \u043e\u0442 \u0443\u043d\u0438\u0432\u0435\u0440\u0441\u0438\u0442\u0435\u0442\u043e\u0432 \u041d\u0438\u0446\u0446\u044b, \u041b\u044c\u0435\u0436\u0430 \u0438 \u0410\u0430\u0445\u0435\u043d\u0430. \u041e\u043d \u0432 \u0442\u0435\u0447\u0435\u043d\u0438\u0435 6 \u043b\u0435\u0442 \u043e\u0440\u0433\u0430\u043d\u0438\u0437\u043e\u0432\u044b\u0432\u0430\u043b \u043c\u0430\u0433\u0438\u0441\u0442\u0435\u0440\u0441\u043a\u0438\u0435 \u043f\u0440\u043e\u0433\u0440\u0430\u043c\u043c\u044b \u043f\u043e \u043b\u0430\u0437\u0435\u0440\u0443 \u0432 \u0422\u0443\u0440\u0446\u0438\u0438 \u0432 \u043a\u0430\u0447\u0435\u0441\u0442\u0432\u0435 \u0432\u043d\u0435\u0448\u0442\u0430\u0442\u043d\u043e\u0433\u043e \u0441\u043e\u0442\u0440\u0443\u0434\u043d\u0438\u043a\u0430 \u0410\u0430\u0445\u0435\u043d\u0441\u043a\u043e\u0439 \u0443\u043d\u0438\u0432\u0435\u0440\u0441\u0438\u0442\u0435\u0442\u0441\u043a\u043e\u0439 \u043b\u0430\u0437\u0435\u0440\u043d\u043e\u0439 \u0430\u043a\u0430\u0434\u0435\u043c\u0438\u0438 \u0438 \u043f\u0440\u0438\u043d\u0438\u043c\u0430\u043b \u0443\u0447\u0430\u0441\u0442\u0438\u0435 \u0432 \u044d\u0442\u0438\u0445 \u043f\u0440\u043e\u0433\u0440\u0430\u043c\u043c\u0430\u0432 \u043a\u0430\u0447\u0435\u0441\u0442\u0432\u0435 \u0438\u043d\u0441\u0442\u0440\u0443\u043a\u0442\u043e\u0440\u0430. \u0412 2010 \u0433\u043e\u0434\u0443 \u043e\u043d \u0441\u0442\u0430\u043b \u0438\u043d\u0441\u0442\u0440\u0443\u043a\u0442\u043e\u0440\u043e\u043c \u043f\u043e \u0438\u043c\u043f\u043b\u0430\u043d\u0442\u0430\u0446\u0438\u0438 \u0432 \u043d\u0435\u043c\u0435\u0446\u043a\u043e\u0439 \u0430\u043a\u0430\u0434\u0435\u043c\u0438\u0438 \u043f\u043e \u043e\u0431\u0443\u0447\u0435\u043d\u0438\u044e \u0438\u043c\u043f\u043b\u0430\u043d\u0442\u0430\u0446\u0438\u0438 (IFZI) (www.ifzi.de). \u0412 2010 \u0433\u043e\u0434\u0443, \u0430\u0434\u0430\u043f\u0442\u0438\u0440\u043e\u0432\u0430\u0432 \u043c\u0435\u0442\u043e\u0434\u0438\u043a\u0443 \u0421\u0438\u0441\u0442\u0435\u043c\u044b \u0417\u0443\u0431\u043d\u043e\u0433\u043e \u041e\u0431\u044a\u0435\u043c\u0430 \u0434\u043b\u044f \u043a\u043b\u0438\u043d\u0438\u043a\u0438 Medicadent, \u043e\u043d \u043f\u0440\u0435\u0434\u043b\u043e\u0436\u0438\u043b \u0441\u0432\u043e\u0438\u043c \u043f\u0430\u0446\u0438\u0435\u043d\u0442\u0430\u043c \u0440 \u0435\u0448\u0435\u043d\u0438\u0435 \u043d\u0435\u043c\u0435\u0434\u043b\u0435\u043d\u043d\u043e\u0439 \u0438\u043c\u043f\u043b\u0430\u043d\u0442\u0430\u0446\u0438\u0438 \u0438 \u043d\u0435\u043c\u0435\u0434\u043b\u0435\u043d\u043d\u043e\u0439 \u0444\u0438\u043a\u0441\u0430\u0446\u0438\u0438 \u043f\u0440\u043e\u0442\u0435\u0437\u043e\u0432 \u0432 \u0438\u043c\u043f\u043b\u0430\u043d\u0442\u0430\u0446\u0438\u043e\u043d\u043d\u044b\u0445 \u043f\u0440\u043e\u0446\u0435\u0434\u0443\u0440\u0430\u0445 \u0441 \u0438\u0441\u043f\u043e\u043b\u044c\u0437\u043e\u0432\u0430\u043d\u0438\u0435\u043c \u043b\u0430\u0437\u0435\u0440\u043d\u043e\u0439 \u0442\u0435\u0445\u043d\u0438\u043a\u0438 Fast &amp; Fixed. \u041e\u043d \u044f\u0432\u043b\u044f\u0435\u0442\u0441\u044f \u043e\u0441\u043d\u043e\u0432\u0430\u0442\u0435\u043b\u0435\u043c \u0438 \u043f\u0440\u0435\u0437\u0438\u0434\u0435\u043d\u0442\u043e\u043c \u0413\u043b\u043e\u0431\u0430\u043b\u044c\u043d\u043e\u0439 \u0430\u0441\u0441\u043e\u0446\u0438\u0430\u0446\u0438\u0438 \u0441\u0442\u043e\u043c\u0430\u0442\u043e\u043b\u043e\u0433\u043e\u0432 \u0438 \u041e\u043f\u0442\u0438\u043c\u0443\u043c \u0414\u0435\u043d\u0442 \u0410\u043a\u0430\u0434\u0435\u043c\u0438\u0438, \u043e\u0441\u043d\u043e\u0432\u0430\u043d\u043d\u044b\u0445 \u0432 2012 \u0433\u043e\u0434\u0443. \u0421 \u043c\u043e\u043c\u0435\u043d\u0442\u0430 \u0441\u043e\u0437\u0434\u0430\u043d\u0438\u044f \u044d\u0442\u043e\u0439 \u0430\u0441\u0441\u043e\u0446\u0438\u0430\u0446\u0438\u0438 \u0432 \u0442\u0435\u0447\u0435\u043d\u0438\u0435 8 \u043b\u0435\u0442 \u0431\u044b\u043b\u043e \u043f\u0440\u043e\u0432\u0435\u0434\u0435\u043d\u043e \u043c\u043d\u043e\u0436\u0435\u0441\u0442\u0432\u043e \u043d\u0430\u0446\u0438\u043e\u043d\u0430\u043b\u044c\u043d\u044b\u0445 \u0438 \u043c\u0435\u0436\u0434\u0443\u043d\u0430\u0440\u043e\u0434\u043d\u044b\u0445 \u0434\u043e\u043b\u0433\u043e\u0441\u0440\u043e\u0447\u043d\u044b\u0445 \u043e\u0431\u0440\u0430\u0437\u043e\u0432\u0430\u0442\u0435\u043b\u044c\u043d\u044b\u0445 \u043f\u0440\u043e\u0433\u0440\u0430\u043c\u043c, \u0441\u0438\u043c\u043f\u043e\u0437\u0438\u0443\u043c\u043e\u0432, \u0441\u0435\u043c\u0438\u043d\u0430\u0440\u043e\u0432 \u0438 \u043a\u043e\u043d\u0433\u0440\u0435\u0441\u0441\u043e\u0432.\u00a0<\/p><p>\u0412 2014 \u0433\u043e\u0434\u0443 \u043e\u043d \u043e\u0442\u043a\u0440\u044b\u043b \u0444\u0438\u043b\u0438\u0430\u043b Medicadent Bat\u0131 Ata\u015fehir. \u0412 \u044d\u0442\u043e\u043c \u0436\u0435 \u0433\u043e\u0434\u0443 \u043e\u043d \u0441\u0442\u0430\u043b \u043f\u0430\u0440\u0442\u043d\u0435\u0440\u043e\u043c \u043f\u043e \u0434\u043e\u043f\u043e\u043b\u043d\u0438\u0442\u0435\u043b\u044c\u043d\u043e\u043c\u0443 \u043e\u0431\u0443\u0447\u0435\u043d\u0438\u044e Medicadent LA&amp;HA (\u041b\u0430\u0437\u0435\u0440\u043d\u0430\u044f \u0438 \u0417\u0434\u0440\u0430\u0432\u043e\u043e\u0445\u0440\u0430\u043d\u0438\u0442\u0435\u043b\u044c\u043d\u0430\u044f \u0410\u043a\u0430\u0434\u0435\u043c\u0438\u044f) (www.laserandhealthacademy.com). \u041e\u043d \u044f\u0432\u043b\u044f\u0435\u0442\u0441\u044f \u0447\u043b\u0435\u043d\u043e\u043c \u043f\u0440\u0430\u0432\u043b\u0435\u043d\u0438\u044f DEKID (\u0410\u0441\u0441\u043e\u0446\u0438\u0430\u0446\u0438\u044f \u0432\u043b\u0430\u0434\u0435\u043b\u044c\u0446\u0435\u0432 \u0441\u0442\u043e\u043c\u0430\u0442\u043e\u043b\u043e\u0433\u0438\u0447\u0435\u0441\u043a\u0438\u0445 \u043a\u043b\u0438\u043d\u0438\u043a) \u0438 AD\u0130\u015eS\u0130AD (\u0410\u0441\u0441\u043e\u0446\u0438\u0430\u0446\u0438\u044f \u043e\u0440\u0433\u0430\u043d\u0438\u0437\u0430\u0446\u0438\u0439 \u043f\u043e \u043e\u0440\u0430\u043b\u044c\u043d\u043e\u043c\u0443 \u0438 \u0437\u0443\u0431\u043d\u043e\u043c\u0443 \u0437\u0434\u043e\u0440\u043e\u0432\u044c\u044e \u0438 \u0437\u0434\u0440\u0430\u0432\u043e\u043e\u0445\u0440\u0430\u043d\u0435\u043d\u0438\u044e). \u0412 2016 \u0433\u043e\u0434\u0443 \u043e\u043d \u0441\u043e\u0437\u0434\u0430\u043b \u0441\u0442\u043e\u043c\u0430\u0442\u043e\u043b\u043e\u0433\u0438\u0447\u0435\u0441\u043a\u0443\u044e \u043b\u0430\u0431\u043e\u0440\u0430\u0442\u043e\u0440\u0438\u044e \u043f\u043e\u0434 \u043d\u0430\u0437\u0432\u0430\u043d\u0438\u0435\u043c Konfor Dental, \u043e\u0440\u0438\u0435\u043d\u0442\u0438\u0440\u043e\u0432\u0430\u043d\u043d\u0443\u044e \u043d\u0430 &#8220;\u0446\u0438\u0444\u0440\u043e\u0432\u044b\u0435 \u0442\u0435\u0445\u043d\u043e\u043b\u043e\u0433\u0438\u0438&#8221;. \u042d\u0442\u0430 \u043b\u0430\u0431\u043e\u0440\u0430\u0442\u043e\u0440\u0438\u044f \u043e\u0431\u0441\u043b\u0443\u0436\u0438\u0432\u0430\u0435\u0442 \u043f\u0430\u0446\u0438\u0435\u043d\u0442\u043e\u0432 \u0432 \u0411\u0430\u0442\u044b \u0410\u0442\u0430\u0448\u0435 \u0441 2020 \u0433\u043e\u0434\u0430. \u041e\u0441\u043d\u043e\u0432\u0430\u043d\u043d\u0430\u044f \u0432 1988 \u0433\u043e\u0434\u0443, Medicadent \u043b\u0435\u0447\u0438\u0442 \u043c\u0435\u0436\u0434\u0443\u043d\u0430\u0440\u043e\u0434\u043d\u044b\u0445 \u043f\u0430\u0446\u0438\u0435\u043d\u0442\u043e\u0432 \u0441\u043e \u0432\u0441\u0435\u0433\u043e \u043c\u0438\u0440\u0430 \u0441 1995 \u0433\u043e\u0434\u0430; \u043a\u0440\u043e\u043c\u0435 \u0442\u043e\u0433\u043e, \u0432 2019 \u0433\u043e\u0434\u0443 \u0431\u044b\u043b\u0438 \u043e\u0442\u043a\u0440\u044b\u0442\u044b \u0434\u0432\u0430 \u043d\u043e\u0432\u044b\u0445 \u043e\u0444\u0438\u0441\u0430 Medicadent \u0432 \u0428\u0442\u0443\u0442\u0433\u0430\u0440\u0442\u0435 \u0438 \u041b\u043e\u043d\u0434\u043e\u043d\u0435.<\/p>\t\t\t\t\t<\/div>\n\t\t\t\t\t\t<\/div>\n\t\t\t\t<\/div>\n\t\t\t\t\t\t<\/div>\n\t\t\t\t\t<\/div>\n\t\t<\/div>\n\t\t\t\t<div class=\"elementor-column elementor-col-33 elementor-top-column elementor-element elementor-element-9023b88\" data-id=\"9023b88\" data-element_type=\"column\">\n\t\t\t<div class=\"elementor-column-wrap\">\n\t\t\t\t\t\t\t<div class=\"elementor-widget-wrap\">\n\t\t\t\t\t\t\t\t<\/div>\n\t\t\t\t\t<\/div>\n\t\t<\/div>\n\t\t\t\t\t\t\t\t<\/div>\n\t\t\t\t\t<\/div>\n\t\t<\/section>\n\t\t\t\t\t\t<\/div>\n\t\t\t\t\t\t<\/div>\n\t\t\t\t\t<\/div>\n\t\t","protected":false},"excerpt":{"rendered":"<p>\u041c\u0430\u0433\u0438\u0441\u0442\u0440 \u0434\u0438\u0435\u0442\u043e\u043b\u043e\u0433\u0438\u0438 ZAFER KAZAK \u041b\u0430\u0437\u0435\u0440 \u0438 \u0438\u043c\u043f\u043b\u0430\u043d\u0442\u043e\u043b\u043e\u0433\u0438\u044f \u0413-\u043d \u041a\u0430\u0437\u0430\u043a \u0440\u043e\u0434\u0438\u043b\u0441\u044f \u0432 1965 \u0433\u043e\u0434\u0443 \u0432 \u042d\u0440\u0437\u0443\u0440\u0443\u043c\u0435. \u041e\u043a\u043e\u043d\u0447\u0438\u0432 \u043d\u0430\u0447\u0430\u043b\u044c\u043d\u043e\u0435 \u043e\u0431\u0440\u0430\u0437\u043e\u0432\u0430\u043d\u0438\u0435 \u0432 \u0433\u043e\u0440\u043e\u0434\u0435 \u041a\u0430\u0440\u0441, \u043e\u043d \u043f\u0435\u0440\u0435\u0435\u0445\u0430\u043b \u0432 \u0421\u0442\u0430\u043c\u0431\u0443\u043b \u0438<span class=\"excerpt-hellip\"> [\u2026]<\/span><\/p>\n","protected":false},"author":2,"featured_media":14237,"parent":339,"menu_order":0,"comment_status":"closed","ping_status":"closed","template":"","meta":{"footnotes":""},"_links":{"self":[{"href":"https:\/\/www.medicadent.com\/ru\/wp-json\/wp\/v2\/pages\/327"}],"collection":[{"href":"https:\/\/www.medicadent.com\/ru\/wp-json\/wp\/v2\/pages"}],"about":[{"href":"https:\/\/www.medicadent.com\/ru\/wp-json\/wp\/v2\/types\/page"}],"author":[{"embeddable":true,"href":"https:\/\/www.medicadent.com\/ru\/wp-json\/wp\/v2\/users\/2"}],"replies":[{"embeddable":true,"href":"https:\/\/www.medicadent.com\/ru\/wp-json\/wp\/v2\/comments?post=327"}],"version-history":[{"count":28,"href":"https:\/\/www.medicadent.com\/ru\/wp-json\/wp\/v2\/pages\/327\/revisions"}],"predecessor-version":[{"id":18123,"href":"https:\/\/www.medicadent.com\/ru\/wp-json\/wp\/v2\/pages\/327\/revisions\/18123"}],"up":[{"embeddable":true,"href":"https:\/\/www.medicadent.com\/ru\/wp-json\/wp\/v2\/pages\/339"}],"wp:featuredmedia":[{"embeddable":true,"href":"https:\/\/www.medicadent.com\/ru\/wp-json\/wp\/v2\/media\/14237"}],"wp:attachment":[{"href":"https:\/\/www.medicadent.com\/ru\/wp-json\/wp\/v2\/media?parent=327"}],"curies":[{"name":"wp","href":"https:\/\/api.w.org\/{rel}","templated":true}]}}