{"id":12816,"date":"2021-07-08T11:45:54","date_gmt":"2021-07-08T08:45:54","guid":{"rendered":"https:\/\/www.medicadent.com\/en\/?page_id=12816"},"modified":"2022-04-20T16:27:57","modified_gmt":"2022-04-20T13:27:57","slug":"our-bank-account-numbers","status":"publish","type":"page","link":"https:\/\/www.medicadent.com\/en\/our-bank-account-numbers\/","title":{"rendered":"Our Bank Account Numbers"},"content":{"rendered":"\t\t<div data-elementor-type=\"wp-page\" data-elementor-id=\"12816\" class=\"elementor elementor-12816\">\n\t\t\t\t\t\t<div class=\"elementor-inner\">\n\t\t\t\t<div class=\"elementor-section-wrap\">\n\t\t\t\t\t\t\t\t\t<section data-particle_enable=\"false\" data-particle-mobile-disabled=\"false\" class=\"elementor-section elementor-top-section elementor-element elementor-element-f450b65 elementor-section-stretched elementor-section-boxed elementor-section-height-default elementor-section-height-default\" data-id=\"f450b65\" data-element_type=\"section\" data-settings=\"{&quot;stretch_section&quot;:&quot;section-stretched&quot;,&quot;background_background&quot;:&quot;classic&quot;,&quot;_ha_eqh_enable&quot;:false}\">\n\t\t\t\t\t\t<div class=\"elementor-container elementor-column-gap-default\">\n\t\t\t\t\t\t\t<div class=\"elementor-row\">\n\t\t\t\t\t<div class=\"elementor-column elementor-col-100 elementor-top-column elementor-element elementor-element-ffa318e\" data-id=\"ffa318e\" data-element_type=\"column\">\n\t\t\t<div class=\"elementor-column-wrap elementor-element-populated\">\n\t\t\t\t\t\t\t<div class=\"elementor-widget-wrap\">\n\t\t\t\t\t\t<div class=\"elementor-element elementor-element-848c156 elementor-widget elementor-widget-heading\" data-id=\"848c156\" data-element_type=\"widget\" data-widget_type=\"heading.default\">\n\t\t\t\t<div class=\"elementor-widget-container\">\n\t\t\t<h1 class=\"elementor-heading-title elementor-size-default\">Our Bank Account Numbers<\/h1>\t\t<\/div>\n\t\t\t\t<\/div>\n\t\t\t\t\t\t<\/div>\n\t\t\t\t\t<\/div>\n\t\t<\/div>\n\t\t\t\t\t\t\t\t<\/div>\n\t\t\t\t\t<\/div>\n\t\t<\/section>\n\t\t\t\t<section data-particle_enable=\"false\" data-particle-mobile-disabled=\"false\" class=\"elementor-section elementor-top-section elementor-element elementor-element-c1a86f1 elementor-section-stretched elementor-section-boxed elementor-section-height-default elementor-section-height-default\" data-id=\"c1a86f1\" data-element_type=\"section\" data-settings=\"{&quot;stretch_section&quot;:&quot;section-stretched&quot;,&quot;background_background&quot;:&quot;classic&quot;,&quot;_ha_eqh_enable&quot;:false}\">\n\t\t\t\t\t\t<div class=\"elementor-container elementor-column-gap-default\">\n\t\t\t\t\t\t\t<div class=\"elementor-row\">\n\t\t\t\t\t<div class=\"elementor-column elementor-col-25 elementor-top-column elementor-element elementor-element-564c91f\" data-id=\"564c91f\" data-element_type=\"column\">\n\t\t\t<div class=\"elementor-column-wrap elementor-element-populated\">\n\t\t\t\t\t\t\t<div class=\"elementor-widget-wrap\">\n\t\t\t\t\t\t<div class=\"elementor-element elementor-element-23b8ae1 elementor-widget elementor-widget-text-editor\" data-id=\"23b8ae1\" data-element_type=\"widget\" data-widget_type=\"text-editor.default\">\n\t\t\t\t<div class=\"elementor-widget-container\">\n\t\t\t\t\t\t\t\t<div class=\"elementor-text-editor elementor-clearfix\">\n\t\t\t\t<p><b>HESAP ADI:<\/b>\u00a0MED\u0130CADENT SA\u011eLIK H\u0130ZMETLER\u0130 SAN.VE T\u0130C.A.\u015e.<br \/><b>BANKA ADI:<\/b>\u00a0\u0130\u015e BANKASI<br \/><b>\u015eUBE:<\/b>\u00a0\u00c7AR\u015eI-KADIK\u00d6Y<br \/><b>PARA B\u0130R\u0130M\u0130:<\/b>\u00a0TL VADES\u0130Z<br \/><b>SW\u0130FT KODU:<\/b>\u00a0ISBKTRIS<br \/><b>HESAP NO:\u00a0<\/b>1480279<br \/><b>IBAN NO:<\/b>\u00a0TR16 0006 4000 0011 1871 4802 79<\/p>\t\t\t\t\t<\/div>\n\t\t\t\t\t\t<\/div>\n\t\t\t\t<\/div>\n\t\t\t\t\t\t<\/div>\n\t\t\t\t\t<\/div>\n\t\t<\/div>\n\t\t\t\t<div class=\"elementor-column elementor-col-25 elementor-top-column elementor-element elementor-element-b2d9fe2\" data-id=\"b2d9fe2\" data-element_type=\"column\">\n\t\t\t<div class=\"elementor-column-wrap elementor-element-populated\">\n\t\t\t\t\t\t\t<div class=\"elementor-widget-wrap\">\n\t\t\t\t\t\t<div class=\"elementor-element elementor-element-69c8232 elementor-widget elementor-widget-text-editor\" data-id=\"69c8232\" data-element_type=\"widget\" data-widget_type=\"text-editor.default\">\n\t\t\t\t<div class=\"elementor-widget-container\">\n\t\t\t\t\t\t\t\t<div class=\"elementor-text-editor elementor-clearfix\">\n\t\t\t\t<p><b>HESAP ADI:<\/b>\u00a0MED\u0130CADENT SA\u011eLIK H\u0130ZMETLER\u0130 SAN.VE T\u0130C.A.\u015e.<br \/><b>BANKA ADI:<\/b>\u00a0\u0130\u015e BANKASI<br \/><b>\u015eUBE:<\/b>\u00a0\u00c7AR\u015eI-KADIK\u00d6Y<br \/><b>PARA B\u0130R\u0130M\u0130:\u00a0<\/b>DOLAR VADES\u0130Z<br \/><b>SW\u0130FT KODU:<\/b>\u00a0ISBKTRIS<br \/><b>HESAP NO:<\/b>\u00a00088479<br \/><b>IBAN NO:<\/b>\u00a0TR02 0006 4000 0021 1870 0884 79<\/p>\t\t\t\t\t<\/div>\n\t\t\t\t\t\t<\/div>\n\t\t\t\t<\/div>\n\t\t\t\t\t\t<\/div>\n\t\t\t\t\t<\/div>\n\t\t<\/div>\n\t\t\t\t<div class=\"elementor-column elementor-col-25 elementor-top-column elementor-element elementor-element-ca9a482\" data-id=\"ca9a482\" data-element_type=\"column\">\n\t\t\t<div class=\"elementor-column-wrap elementor-element-populated\">\n\t\t\t\t\t\t\t<div class=\"elementor-widget-wrap\">\n\t\t\t\t\t\t<div class=\"elementor-element elementor-element-4008998 elementor-widget elementor-widget-text-editor\" data-id=\"4008998\" data-element_type=\"widget\" data-widget_type=\"text-editor.default\">\n\t\t\t\t<div class=\"elementor-widget-container\">\n\t\t\t\t\t\t\t\t<div class=\"elementor-text-editor elementor-clearfix\">\n\t\t\t\t<p><b>HESAP ADI:<\/b>\u00a0MED\u0130CADENT SA\u011eLIK H\u0130ZMETLER\u0130 SAN.VE T\u0130C.A.\u015e.<br \/><b>BANKA ADI:<\/b>\u00a0\u0130\u015e BANKASI<br \/><b>\u015eUBE:<\/b>\u00a0\u00c7AR\u015eI-KADIK\u00d6Y<br \/><b>PARA B\u0130R\u0130M\u0130:<\/b>\u00a0EURO VADES\u0130Z<br \/><b>SW\u0130FT KODU:\u00a0<\/b>ISBKTRIS<br \/><b>HESAP NO:<\/b>\u00a00088801<br \/><b>IBAN NO:<\/b>\u00a0TR38 0006 4000 0021 1870 0888 01<\/p>\t\t\t\t\t<\/div>\n\t\t\t\t\t\t<\/div>\n\t\t\t\t<\/div>\n\t\t\t\t\t\t<\/div>\n\t\t\t\t\t<\/div>\n\t\t<\/div>\n\t\t\t\t<div class=\"elementor-column elementor-col-25 elementor-top-column elementor-element elementor-element-32b0eca\" data-id=\"32b0eca\" data-element_type=\"column\">\n\t\t\t<div class=\"elementor-column-wrap elementor-element-populated\">\n\t\t\t\t\t\t\t<div class=\"elementor-widget-wrap\">\n\t\t\t\t\t\t<div class=\"elementor-element elementor-element-685128f elementor-widget elementor-widget-text-editor\" data-id=\"685128f\" data-element_type=\"widget\" data-widget_type=\"text-editor.default\">\n\t\t\t\t<div class=\"elementor-widget-container\">\n\t\t\t\t\t\t\t\t<div class=\"elementor-text-editor elementor-clearfix\">\n\t\t\t\t<p><b>HESAP ADI:<\/b>\u00a0MED\u0130CADENT SA\u011eLIK H\u0130ZMETLER\u0130 SAN.VE T\u0130C.A.\u015e.<br \/><b>BANKA ADI:<\/b>\u00a0\u0130\u015e BANKASI<br \/><b>\u015eUBE:<\/b>\u00a0\u00c7AR\u015eI-KADIK\u00d6Y<br \/><b>PARA B\u0130R\u0130M\u0130:<\/b>\u00a0STERL\u0130N VADES\u0130Z<br \/><b>SW\u0130FT KODU:<\/b>\u00a0ISBKTRIS<br \/><b>HESAP NO:<\/b>\u00a00092223<br \/><b>IBAN NO:<\/b>\u00a0TR85 0006 4000 0021 1870 0922 23<\/p>\t\t\t\t\t<\/div>\n\t\t\t\t\t\t<\/div>\n\t\t\t\t<\/div>\n\t\t\t\t\t\t<\/div>\n\t\t\t\t\t<\/div>\n\t\t<\/div>\n\t\t\t\t\t\t\t\t<\/div>\n\t\t\t\t\t<\/div>\n\t\t<\/section>\n\t\t\t\t\t\t\t\t\t<\/div>\n\t\t\t<\/div>\n\t\t\t\t\t<\/div>\n\t\t","protected":false},"excerpt":{"rendered":"<p>Our Bank Account Numbers HESAP ADI:\u00a0MED\u0130CADENT SA\u011eLIK H\u0130ZMETLER\u0130 SAN.VE T\u0130C.A.\u015e. BANKA ADI:\u00a0\u0130\u015e BANKASI \u015eUBE:\u00a0\u00c7AR\u015eI-KADIK\u00d6Y PARA B\u0130R\u0130M\u0130:\u00a0TL VADES\u0130Z SW\u0130FT KODU:\u00a0ISBKTRIS HESAP NO:\u00a01480279 IBAN NO:\u00a0TR16 0006 4000 0011<span class=\"excerpt-hellip\"> [\u2026]<\/span><\/p>\n","protected":false},"author":1,"featured_media":13436,"parent":0,"menu_order":0,"comment_status":"closed","ping_status":"closed","template":"","meta":[],"_links":{"self":[{"href":"https:\/\/www.medicadent.com\/en\/wp-json\/wp\/v2\/pages\/12816"}],"collection":[{"href":"https:\/\/www.medicadent.com\/en\/wp-json\/wp\/v2\/pages"}],"about":[{"href":"https:\/\/www.medicadent.com\/en\/wp-json\/wp\/v2\/types\/page"}],"author":[{"embeddable":true,"href":"https:\/\/www.medicadent.com\/en\/wp-json\/wp\/v2\/users\/1"}],"replies":[{"embeddable":true,"href":"https:\/\/www.medicadent.com\/en\/wp-json\/wp\/v2\/comments?post=12816"}],"version-history":[{"count":0,"href":"https:\/\/www.medicadent.com\/en\/wp-json\/wp\/v2\/pages\/12816\/revisions"}],"wp:featuredmedia":[{"embeddable":true,"href":"https:\/\/www.medicadent.com\/en\/wp-json\/wp\/v2\/media\/13436"}],"wp:attachment":[{"href":"https:\/\/www.medicadent.com\/en\/wp-json\/wp\/v2\/media?parent=12816"}],"curies":[{"name":"wp","href":"https:\/\/api.w.org\/{rel}","templated":true}]}}