{"id":327,"date":"2020-07-19T15:07:03","date_gmt":"2020-07-19T12:07:03","guid":{"rendered":"https:\/\/www.medicadent.com\/de\/?page_id=327"},"modified":"2025-05-28T18:35:50","modified_gmt":"2025-05-28T16:35:50","slug":"zafer-kazak","status":"publish","type":"page","link":"https:\/\/www.medicadent.com\/de\/our-staff\/zafer-kazak\/","title":{"rendered":"M.Sc.Dt. Zafer Kazak"},"content":{"rendered":"\t\t<div data-elementor-type=\"wp-page\" data-elementor-id=\"327\" class=\"elementor elementor-327\" data-elementor-settings=\"[]\">\n\t\t\t\t\t\t<div class=\"elementor-inner\">\n\t\t\t\t\t\t\t<div class=\"elementor-section-wrap\">\n\t\t\t\t\t\t\t<section data-particle_enable=\"false\" data-particle-mobile-disabled=\"false\" class=\"elementor-section elementor-top-section elementor-element elementor-element-ce5f66b elementor-section-full_width elementor-section-stretched elementor-section-height-default elementor-section-height-default\" data-id=\"ce5f66b\" data-element_type=\"section\" data-settings=\"{&quot;stretch_section&quot;:&quot;section-stretched&quot;,&quot;background_background&quot;:&quot;classic&quot;,&quot;_ha_eqh_enable&quot;:false}\">\n\t\t\t\t\t\t\t<div class=\"elementor-background-overlay\"><\/div>\n\t\t\t\t\t\t\t<div class=\"elementor-container elementor-column-gap-default\">\n\t\t\t\t\t\t\t<div class=\"elementor-row\">\n\t\t\t\t\t<div class=\"elementor-column elementor-col-33 elementor-top-column elementor-element elementor-element-da28a81\" data-id=\"da28a81\" data-element_type=\"column\">\n\t\t\t<div class=\"elementor-column-wrap elementor-element-populated\">\n\t\t\t\t\t\t\t<div class=\"elementor-widget-wrap\">\n\t\t\t\t\t\t<div class=\"elementor-element elementor-element-2bef5a6 elementor-widget elementor-widget-spacer\" data-id=\"2bef5a6\" data-element_type=\"widget\" data-widget_type=\"spacer.default\">\n\t\t\t\t<div class=\"elementor-widget-container\">\n\t\t\t\t\t<div class=\"elementor-spacer\">\n\t\t\t<div class=\"elementor-spacer-inner\"><\/div>\n\t\t<\/div>\n\t\t\t\t<\/div>\n\t\t\t\t<\/div>\n\t\t\t\t<div class=\"elementor-element elementor-element-88937b6 animated-slow elementor-invisible elementor-widget elementor-widget-image\" data-id=\"88937b6\" data-element_type=\"widget\" data-settings=\"{&quot;sticky_on&quot;:[&quot;desktop&quot;],&quot;_animation&quot;:&quot;fadeIn&quot;,&quot;sticky&quot;:&quot;top&quot;,&quot;sticky_parent&quot;:&quot;yes&quot;,&quot;sticky_offset&quot;:0,&quot;sticky_effects_offset&quot;:0}\" data-widget_type=\"image.default\">\n\t\t\t\t<div class=\"elementor-widget-container\">\n\t\t\t\t\t\t\t\t<div class=\"elementor-image\">\n\t\t\t\t\t\t\t\t\t\t\t\t<img decoding=\"async\" loading=\"lazy\" width=\"712\" height=\"1197\" src=\"https:\/\/www.medicadent.com\/de\/wp-content\/uploads\/2025\/05\/M.Sc_.Dt_.-Zafer-KAZAK.png\" class=\"attachment-full size-full\" alt=\"\" srcset=\"https:\/\/www.medicadent.com\/de\/wp-content\/uploads\/2025\/05\/M.Sc_.Dt_.-Zafer-KAZAK.png 712w, https:\/\/www.medicadent.com\/de\/wp-content\/uploads\/2025\/05\/M.Sc_.Dt_.-Zafer-KAZAK-178x300.png 178w, https:\/\/www.medicadent.com\/de\/wp-content\/uploads\/2025\/05\/M.Sc_.Dt_.-Zafer-KAZAK-609x1024.png 609w, https:\/\/www.medicadent.com\/de\/wp-content\/uploads\/2025\/05\/M.Sc_.Dt_.-Zafer-KAZAK-87x146.png 87w, https:\/\/www.medicadent.com\/de\/wp-content\/uploads\/2025\/05\/M.Sc_.Dt_.-Zafer-KAZAK-30x50.png 30w, https:\/\/www.medicadent.com\/de\/wp-content\/uploads\/2025\/05\/M.Sc_.Dt_.-Zafer-KAZAK-45x75.png 45w\" sizes=\"(max-width: 712px) 100vw, 712px\" \/>\t\t\t\t\t\t\t\t\t\t\t\t\t\t<\/div>\n\t\t\t\t\t\t<\/div>\n\t\t\t\t<\/div>\n\t\t\t\t\t\t<\/div>\n\t\t\t\t\t<\/div>\n\t\t<\/div>\n\t\t\t\t<div class=\"elementor-column elementor-col-33 elementor-top-column elementor-element elementor-element-851d8ed\" data-id=\"851d8ed\" data-element_type=\"column\">\n\t\t\t<div class=\"elementor-column-wrap elementor-element-populated\">\n\t\t\t\t\t\t\t<div class=\"elementor-widget-wrap\">\n\t\t\t\t\t\t<div class=\"elementor-element elementor-element-f3b8716 elementor-invisible elementor-widget elementor-widget-heading\" data-id=\"f3b8716\" data-element_type=\"widget\" data-settings=\"{&quot;motion_fx_motion_fx_scrolling&quot;:&quot;yes&quot;,&quot;motion_fx_translateY_effect&quot;:&quot;yes&quot;,&quot;motion_fx_translateY_speed&quot;:{&quot;unit&quot;:&quot;px&quot;,&quot;size&quot;:0.5,&quot;sizes&quot;:[]},&quot;motion_fx_opacity_effect&quot;:&quot;yes&quot;,&quot;motion_fx_blur_effect&quot;:&quot;yes&quot;,&quot;motion_fx_blur_direction&quot;:&quot;out-in-out&quot;,&quot;motion_fx_blur_level&quot;:{&quot;unit&quot;:&quot;px&quot;,&quot;size&quot;:5,&quot;sizes&quot;:[]},&quot;motion_fx_scale_effect&quot;:&quot;yes&quot;,&quot;_animation&quot;:&quot;fadeIn&quot;,&quot;motion_fx_translateY_affectedRange&quot;:{&quot;unit&quot;:&quot;%&quot;,&quot;size&quot;:&quot;&quot;,&quot;sizes&quot;:{&quot;start&quot;:0,&quot;end&quot;:100}},&quot;motion_fx_opacity_direction&quot;:&quot;out-in&quot;,&quot;motion_fx_opacity_level&quot;:{&quot;unit&quot;:&quot;px&quot;,&quot;size&quot;:10,&quot;sizes&quot;:[]},&quot;motion_fx_opacity_range&quot;:{&quot;unit&quot;:&quot;%&quot;,&quot;size&quot;:&quot;&quot;,&quot;sizes&quot;:{&quot;start&quot;:20,&quot;end&quot;:80}},&quot;motion_fx_blur_range&quot;:{&quot;unit&quot;:&quot;%&quot;,&quot;size&quot;:&quot;&quot;,&quot;sizes&quot;:{&quot;start&quot;:20,&quot;end&quot;:80}},&quot;motion_fx_scale_direction&quot;:&quot;out-in&quot;,&quot;motion_fx_scale_speed&quot;:{&quot;unit&quot;:&quot;px&quot;,&quot;size&quot;:4,&quot;sizes&quot;:[]},&quot;motion_fx_scale_range&quot;:{&quot;unit&quot;:&quot;%&quot;,&quot;size&quot;:&quot;&quot;,&quot;sizes&quot;:{&quot;start&quot;:20,&quot;end&quot;:80}},&quot;motion_fx_devices&quot;:[&quot;desktop&quot;,&quot;tablet&quot;,&quot;mobile&quot;]}\" data-widget_type=\"heading.default\">\n\t\t\t\t<div class=\"elementor-widget-container\">\n\t\t\t<h2 class=\"elementor-heading-title elementor-size-default\">M.Sc.Dt. <\/h2>\t\t<\/div>\n\t\t\t\t<\/div>\n\t\t\t\t<div class=\"elementor-element elementor-element-95b8bba animated-slow elementor-invisible elementor-widget elementor-widget-heading\" data-id=\"95b8bba\" data-element_type=\"widget\" data-settings=\"{&quot;motion_fx_motion_fx_scrolling&quot;:&quot;yes&quot;,&quot;motion_fx_translateY_effect&quot;:&quot;yes&quot;,&quot;motion_fx_translateY_speed&quot;:{&quot;unit&quot;:&quot;px&quot;,&quot;size&quot;:0.5,&quot;sizes&quot;:[]},&quot;motion_fx_opacity_effect&quot;:&quot;yes&quot;,&quot;motion_fx_blur_effect&quot;:&quot;yes&quot;,&quot;motion_fx_blur_direction&quot;:&quot;out-in-out&quot;,&quot;motion_fx_blur_level&quot;:{&quot;unit&quot;:&quot;px&quot;,&quot;size&quot;:5,&quot;sizes&quot;:[]},&quot;motion_fx_scale_effect&quot;:&quot;yes&quot;,&quot;_animation&quot;:&quot;fadeIn&quot;,&quot;motion_fx_translateY_affectedRange&quot;:{&quot;unit&quot;:&quot;%&quot;,&quot;size&quot;:&quot;&quot;,&quot;sizes&quot;:{&quot;start&quot;:0,&quot;end&quot;:100}},&quot;motion_fx_opacity_direction&quot;:&quot;out-in&quot;,&quot;motion_fx_opacity_level&quot;:{&quot;unit&quot;:&quot;px&quot;,&quot;size&quot;:10,&quot;sizes&quot;:[]},&quot;motion_fx_opacity_range&quot;:{&quot;unit&quot;:&quot;%&quot;,&quot;size&quot;:&quot;&quot;,&quot;sizes&quot;:{&quot;start&quot;:20,&quot;end&quot;:80}},&quot;motion_fx_blur_range&quot;:{&quot;unit&quot;:&quot;%&quot;,&quot;size&quot;:&quot;&quot;,&quot;sizes&quot;:{&quot;start&quot;:20,&quot;end&quot;:80}},&quot;motion_fx_scale_direction&quot;:&quot;out-in&quot;,&quot;motion_fx_scale_speed&quot;:{&quot;unit&quot;:&quot;px&quot;,&quot;size&quot;:4,&quot;sizes&quot;:[]},&quot;motion_fx_scale_range&quot;:{&quot;unit&quot;:&quot;%&quot;,&quot;size&quot;:&quot;&quot;,&quot;sizes&quot;:{&quot;start&quot;:20,&quot;end&quot;:80}},&quot;motion_fx_devices&quot;:[&quot;desktop&quot;,&quot;tablet&quot;,&quot;mobile&quot;]}\" data-widget_type=\"heading.default\">\n\t\t\t\t<div class=\"elementor-widget-container\">\n\t\t\t<h2 class=\"elementor-heading-title elementor-size-default\">ZAFER KAZAK<\/h2>\t\t<\/div>\n\t\t\t\t<\/div>\n\t\t\t\t<div class=\"elementor-element elementor-element-fc12350 elementor-invisible elementor-widget elementor-widget-heading\" data-id=\"fc12350\" data-element_type=\"widget\" data-settings=\"{&quot;motion_fx_motion_fx_scrolling&quot;:&quot;yes&quot;,&quot;motion_fx_translateY_effect&quot;:&quot;yes&quot;,&quot;motion_fx_translateY_speed&quot;:{&quot;unit&quot;:&quot;px&quot;,&quot;size&quot;:0.5,&quot;sizes&quot;:[]},&quot;motion_fx_opacity_effect&quot;:&quot;yes&quot;,&quot;motion_fx_blur_effect&quot;:&quot;yes&quot;,&quot;motion_fx_blur_direction&quot;:&quot;out-in-out&quot;,&quot;motion_fx_blur_level&quot;:{&quot;unit&quot;:&quot;px&quot;,&quot;size&quot;:5,&quot;sizes&quot;:[]},&quot;motion_fx_scale_effect&quot;:&quot;yes&quot;,&quot;_animation&quot;:&quot;fadeIn&quot;,&quot;motion_fx_translateY_affectedRange&quot;:{&quot;unit&quot;:&quot;%&quot;,&quot;size&quot;:&quot;&quot;,&quot;sizes&quot;:{&quot;start&quot;:0,&quot;end&quot;:100}},&quot;motion_fx_opacity_direction&quot;:&quot;out-in&quot;,&quot;motion_fx_opacity_level&quot;:{&quot;unit&quot;:&quot;px&quot;,&quot;size&quot;:10,&quot;sizes&quot;:[]},&quot;motion_fx_opacity_range&quot;:{&quot;unit&quot;:&quot;%&quot;,&quot;size&quot;:&quot;&quot;,&quot;sizes&quot;:{&quot;start&quot;:20,&quot;end&quot;:80}},&quot;motion_fx_blur_range&quot;:{&quot;unit&quot;:&quot;%&quot;,&quot;size&quot;:&quot;&quot;,&quot;sizes&quot;:{&quot;start&quot;:20,&quot;end&quot;:80}},&quot;motion_fx_scale_direction&quot;:&quot;out-in&quot;,&quot;motion_fx_scale_speed&quot;:{&quot;unit&quot;:&quot;px&quot;,&quot;size&quot;:4,&quot;sizes&quot;:[]},&quot;motion_fx_scale_range&quot;:{&quot;unit&quot;:&quot;%&quot;,&quot;size&quot;:&quot;&quot;,&quot;sizes&quot;:{&quot;start&quot;:20,&quot;end&quot;:80}},&quot;motion_fx_devices&quot;:[&quot;desktop&quot;,&quot;tablet&quot;,&quot;mobile&quot;]}\" data-widget_type=\"heading.default\">\n\t\t\t\t<div class=\"elementor-widget-container\">\n\t\t\t<h2 class=\"elementor-heading-title elementor-size-default\">Laser & Implantologie<\/h2>\t\t<\/div>\n\t\t\t\t<\/div>\n\t\t\t\t<div class=\"elementor-element elementor-element-fb6846f animated-slow elementor-widget-divider--view-line elementor-invisible elementor-widget elementor-widget-divider\" data-id=\"fb6846f\" data-element_type=\"widget\" data-settings=\"{&quot;_animation&quot;:&quot;fadeInRight&quot;}\" data-widget_type=\"divider.default\">\n\t\t\t\t<div class=\"elementor-widget-container\">\n\t\t\t\t\t<div class=\"elementor-divider\">\n\t\t\t<span class=\"elementor-divider-separator\">\n\t\t\t\t\t\t<\/span>\n\t\t<\/div>\n\t\t\t\t<\/div>\n\t\t\t\t<\/div>\n\t\t\t\t<div class=\"elementor-element elementor-element-aa75bf0 animated-slow elementor-invisible elementor-widget elementor-widget-text-editor\" data-id=\"aa75bf0\" data-element_type=\"widget\" data-settings=\"{&quot;_animation&quot;:&quot;fadeInUp&quot;}\" data-widget_type=\"text-editor.default\">\n\t\t\t\t<div class=\"elementor-widget-container\">\n\t\t\t\t\t\t\t\t<div class=\"elementor-text-editor elementor-clearfix\">\n\t\t\t\t<p><span style=\"font-weight: 400;\">Herr Kazak wurde 1965 in Erzurum geboren. Nach Abschluss seiner Grundschulausbildung in Kars zog er nach Istanbul und absolvierte 1982 das Kabata\u015f-Gymnasium f\u00fcr Jungen. Seinen Bachelor-Abschluss erhielt er 1987 von der Fakult\u00e4t f\u00fcr Zahnmedizin der Universit\u00e4t Istanbul.&nbsp; 1988 gr\u00fcndete er die Medicadent-Oral- und Zahngesundheitsklinik in Istanbul Kad\u0131k\u00f6y. Im Jahr 1994 institutionalisierte er die aktuelle multidisziplin\u00e4re Arbeitsordnung von Medicadent und schuf das Konzept der Spezialisierung in zahnmedizinischen Kliniken. Er war ma\u00dfgeblich an der Einf\u00fchrung von Implantatanwendungen bei Medicadent beteiligt und begann mit zahn\u00e4rztlicher Panoramaradiographie zu arbeiten. &nbsp; Seit 2003 nutzt er &#8220;Fotona-Hart- und Weichgewebslaser&#8221; in seinen Behandlungen in allen Bereichen der Zahnheilkunde.&nbsp;&nbsp;&nbsp;&nbsp;<\/span><\/p>\n<p>Er ist Gr\u00fcndungspartner der 2004 gegr\u00fcndeten Idealdent Health Services Joint Stock Company (Dental Technological Solutions). Zwischen 2005 und 2007 absolvierte er an der Fakult\u00e4t f\u00fcr Zahnmedizin der RWTH Aachen das &#8220;Laser Master&#8221;-Programm (<a href=\"http:\/\/www.aalz.de\"><b>www.aalz.de<\/b><\/a>). M.Sc.Dt. Zafer KAZAK hat das Recht, einen anerkannten Master-Abschluss von den Universit\u00e4ten Nizza, L\u00fcttich und Aachen zu f\u00fchren. Er leitete sechs Jahre lang als externer Mitarbeiter der Laserakademie der Universit\u00e4t Aachen die Laser-Master-Organisationen der T\u00fcrkei und nahm an diesen Organisationen als Ausbilder teil. Im Jahr 2010 wurde er Implantatlehrer an der Deutschen Implantologischen Trainingsakademie (IFZI) (<a href=\"http:\/\/www.ifzi.de\"><b>www.ifzi.de<\/b><\/a>). Im gleichen Jahr integrierte er das Dental Volumetric System in die Medicadent-Klinik und bot seinen Patienten in Implantatanwendungen mit der laserassistierten Fast &amp; Fixed-Technik eine sofortige Implantat- und sofortige feste Zahnprothesenl\u00f6sung an.&nbsp;&nbsp;&nbsp;&nbsp;<\/p>\n<p>Er ist der Gr\u00fcndungspr\u00e4sident der Global Dentists Association und der Optimum Dent Academy, die 2012 gegr\u00fcndet wurde. &nbsp; Seit der Gr\u00fcndung dieser Vereinigung wurden viele nationale und internationale langfristige Ausbildungsprogramme, Symposien, Workshops und Kongresse durchgef\u00fchrt. 2014 gr\u00fcndete er die Medicadent Bat\u0131 Ata\u015fehir-Niederlassung. &nbsp; Im selben Jahr wurde er Advance Training Partner von Medicadent LA&amp;HA (Laser and Health Academy (<a href=\"http:\/\/www.laserandhealthacademy.com\"><b>www.laserandhealthacademy.com<\/b><\/a>).&nbsp; &nbsp;&nbsp;<\/p>\n<p><span style=\"font-weight: 400;\">Er ist Vorstandsmitglied von DEKID (Verband der Betreiber von Zahnkliniken) und AD\u0130\u015eS\u0130AD (Verband f\u00fcr Mund- und Zahngesundheitsorganisationen und Gesundheitstourismus). 2016 gr\u00fcndete er das auf &#8220;digitale Technologie&#8221; fokussierte Zahnlabor -System namens Konfor Dental. Dieses Labor befindet sich seit 2020 in Bat\u0131 Ata\u015fehir.<\/span><\/p>\n<p><span style=\"font-weight: 400;\">Medicadent, das 1988 gegr\u00fcndet wurde, behandelt seit 1995 internationale Patienten aus aller Welt. Dar\u00fcber hinaus wurden 2019 zwei neue Medicadent-B\u00fcros in Stuttgart und London er\u00f6ffnet.<\/span><\/p>\t\t\t\t\t<\/div>\n\t\t\t\t\t\t<\/div>\n\t\t\t\t<\/div>\n\t\t\t\t\t\t<\/div>\n\t\t\t\t\t<\/div>\n\t\t<\/div>\n\t\t\t\t<div class=\"elementor-column elementor-col-33 elementor-top-column elementor-element elementor-element-9023b88\" data-id=\"9023b88\" data-element_type=\"column\">\n\t\t\t<div class=\"elementor-column-wrap\">\n\t\t\t\t\t\t\t<div class=\"elementor-widget-wrap\">\n\t\t\t\t\t\t\t\t<\/div>\n\t\t\t\t\t<\/div>\n\t\t<\/div>\n\t\t\t\t\t\t\t\t<\/div>\n\t\t\t\t\t<\/div>\n\t\t<\/section>\n\t\t\t\t\t\t<\/div>\n\t\t\t\t\t\t<\/div>\n\t\t\t\t\t<\/div>\n\t\t","protected":false},"excerpt":{"rendered":"<p>M.Sc.Dt. ZAFER KAZAK Laser &amp; Implantologie Herr Kazak wurde 1965 in Erzurum geboren. Nach Abschluss seiner Grundschulausbildung in Kars zog er nach Istanbul und absolvierte 1982<span class=\"excerpt-hellip\"> [\u2026]<\/span><\/p>\n","protected":false},"author":2,"featured_media":14237,"parent":339,"menu_order":0,"comment_status":"closed","ping_status":"closed","template":"","meta":{"footnotes":""},"_links":{"self":[{"href":"https:\/\/www.medicadent.com\/de\/wp-json\/wp\/v2\/pages\/327"}],"collection":[{"href":"https:\/\/www.medicadent.com\/de\/wp-json\/wp\/v2\/pages"}],"about":[{"href":"https:\/\/www.medicadent.com\/de\/wp-json\/wp\/v2\/types\/page"}],"author":[{"embeddable":true,"href":"https:\/\/www.medicadent.com\/de\/wp-json\/wp\/v2\/users\/2"}],"replies":[{"embeddable":true,"href":"https:\/\/www.medicadent.com\/de\/wp-json\/wp\/v2\/comments?post=327"}],"version-history":[{"count":29,"href":"https:\/\/www.medicadent.com\/de\/wp-json\/wp\/v2\/pages\/327\/revisions"}],"predecessor-version":[{"id":18459,"href":"https:\/\/www.medicadent.com\/de\/wp-json\/wp\/v2\/pages\/327\/revisions\/18459"}],"up":[{"embeddable":true,"href":"https:\/\/www.medicadent.com\/de\/wp-json\/wp\/v2\/pages\/339"}],"wp:featuredmedia":[{"embeddable":true,"href":"https:\/\/www.medicadent.com\/de\/wp-json\/wp\/v2\/media\/14237"}],"wp:attachment":[{"href":"https:\/\/www.medicadent.com\/de\/wp-json\/wp\/v2\/media?parent=327"}],"curies":[{"name":"wp","href":"https:\/\/api.w.org\/{rel}","templated":true}]}}